{"id":15,"date":"2016-02-28T19:59:07","date_gmt":"2016-02-28T18:59:07","guid":{"rendered":"https:\/\/www.psychotherapie-krueger.de\/wordpress\/?page_id=15"},"modified":"2022-07-19T18:48:55","modified_gmt":"2022-07-19T16:48:55","slug":"was-ist-verhaltenstherapie","status":"publish","type":"page","link":"https:\/\/www.psychotherapie-krueger.de\/?page_id=15","title":{"rendered":"Was ist Verhaltenstherapie?"},"content":{"rendered":"\t\t<div data-elementor-type=\"wp-page\" data-elementor-id=\"15\" class=\"elementor elementor-15\">\n\t\t\t\t\t\t\t\t\t<section class=\"elementor-section elementor-top-section elementor-element elementor-element-6edc6332 elementor-section-height-min-height elementor-section-boxed elementor-section-height-default elementor-section-items-middle\" data-id=\"6edc6332\" data-element_type=\"section\" data-settings=\"{&quot;background_background&quot;:&quot;classic&quot;}\">\n\t\t\t\t\t\t<div class=\"elementor-container elementor-column-gap-default\">\n\t\t\t\t\t<div class=\"elementor-column elementor-col-100 elementor-top-column elementor-element elementor-element-15756a57\" data-id=\"15756a57\" data-element_type=\"column\">\n\t\t\t<div class=\"elementor-widget-wrap\">\n\t\t\t\t\t\t\t\t\t<\/div>\n\t\t<\/div>\n\t\t\t\t\t\t\t<\/div>\n\t\t<\/section>\n\t\t\t\t<section class=\"elementor-section elementor-top-section elementor-element elementor-element-4a193b1 elementor-section-boxed elementor-section-height-default elementor-section-height-default\" data-id=\"4a193b1\" data-element_type=\"section\">\n\t\t\t\t\t\t<div class=\"elementor-container elementor-column-gap-default\">\n\t\t\t\t\t<div class=\"elementor-column elementor-col-100 elementor-top-column elementor-element elementor-element-58e7f3d\" data-id=\"58e7f3d\" data-element_type=\"column\">\n\t\t\t<div class=\"elementor-widget-wrap elementor-element-populated\">\n\t\t\t\t\t\t\t\t<div class=\"elementor-element elementor-element-dfecf3d elementor-widget elementor-widget-spacer\" data-id=\"dfecf3d\" data-element_type=\"widget\" data-widget_type=\"spacer.default\">\n\t\t\t\t<div class=\"elementor-widget-container\">\n\t\t\t<style>\/*! elementor - v3.11.5 - 14-03-2023 *\/\n.elementor-column .elementor-spacer-inner{height:var(--spacer-size)}.e-con{--container-widget-width:100%}.e-con-inner>.elementor-widget-spacer,.e-con>.elementor-widget-spacer{width:var(--container-widget-width,var(--spacer-size));--align-self:var(--container-widget-align-self,initial);--flex-shrink:0}.e-con-inner>.elementor-widget-spacer>.elementor-widget-container,.e-con-inner>.elementor-widget-spacer>.elementor-widget-container>.elementor-spacer,.e-con>.elementor-widget-spacer>.elementor-widget-container,.e-con>.elementor-widget-spacer>.elementor-widget-container>.elementor-spacer{height:100%}.e-con-inner>.elementor-widget-spacer>.elementor-widget-container>.elementor-spacer>.elementor-spacer-inner,.e-con>.elementor-widget-spacer>.elementor-widget-container>.elementor-spacer>.elementor-spacer-inner{height:var(--container-widget-height,var(--spacer-size))}<\/style>\t\t<div class=\"elementor-spacer\">\n\t\t\t<div class=\"elementor-spacer-inner\"><\/div>\n\t\t<\/div>\n\t\t\t\t<\/div>\n\t\t\t\t<\/div>\n\t\t\t\t\t<\/div>\n\t\t<\/div>\n\t\t\t\t\t\t\t<\/div>\n\t\t<\/section>\n\t\t\t\t<section class=\"elementor-section elementor-top-section elementor-element elementor-element-cd29b30 elementor-section-boxed elementor-section-height-default elementor-section-height-default\" data-id=\"cd29b30\" data-element_type=\"section\">\n\t\t\t\t\t\t<div class=\"elementor-container elementor-column-gap-default\">\n\t\t\t\t\t<div class=\"elementor-column elementor-col-100 elementor-top-column elementor-element elementor-element-f5c96ef\" data-id=\"f5c96ef\" data-element_type=\"column\">\n\t\t\t<div class=\"elementor-widget-wrap elementor-element-populated\">\n\t\t\t\t\t\t\t\t<div class=\"elementor-element elementor-element-ad1ccf7 elementor-widget elementor-widget-heading\" data-id=\"ad1ccf7\" data-element_type=\"widget\" data-widget_type=\"heading.default\">\n\t\t\t\t<div class=\"elementor-widget-container\">\n\t\t\t<style>\/*! elementor - v3.11.5 - 14-03-2023 *\/\n.elementor-heading-title{padding:0;margin:0;line-height:1}.elementor-widget-heading .elementor-heading-title[class*=elementor-size-]>a{color:inherit;font-size:inherit;line-height:inherit}.elementor-widget-heading .elementor-heading-title.elementor-size-small{font-size:15px}.elementor-widget-heading .elementor-heading-title.elementor-size-medium{font-size:19px}.elementor-widget-heading .elementor-heading-title.elementor-size-large{font-size:29px}.elementor-widget-heading .elementor-heading-title.elementor-size-xl{font-size:39px}.elementor-widget-heading .elementor-heading-title.elementor-size-xxl{font-size:59px}<\/style><h1 class=\"elementor-heading-title elementor-size-default\">Was ist Verhaltenstherapie?<\/h1>\t\t<\/div>\n\t\t\t\t<\/div>\n\t\t\t\t\t<\/div>\n\t\t<\/div>\n\t\t\t\t\t\t\t<\/div>\n\t\t<\/section>\n\t\t\t\t<section class=\"elementor-section elementor-top-section elementor-element elementor-element-58b15fe0 elementor-section-boxed elementor-section-height-default elementor-section-height-default\" data-id=\"58b15fe0\" data-element_type=\"section\">\n\t\t\t\t\t\t<div class=\"elementor-container elementor-column-gap-default\">\n\t\t\t\t\t<div class=\"elementor-column elementor-col-100 elementor-top-column elementor-element elementor-element-65c2bff1\" data-id=\"65c2bff1\" data-element_type=\"column\">\n\t\t\t<div class=\"elementor-widget-wrap elementor-element-populated\">\n\t\t\t\t\t\t\t\t<div class=\"elementor-element elementor-element-10bae543 elementor-widget elementor-widget-text-editor\" data-id=\"10bae543\" data-element_type=\"widget\" data-widget_type=\"text-editor.default\">\n\t\t\t\t<div class=\"elementor-widget-container\">\n\t\t\t<style>\/*! elementor - v3.11.5 - 14-03-2023 *\/\n.elementor-widget-text-editor.elementor-drop-cap-view-stacked .elementor-drop-cap{background-color:#818a91;color:#fff}.elementor-widget-text-editor.elementor-drop-cap-view-framed .elementor-drop-cap{color:#818a91;border:3px solid;background-color:transparent}.elementor-widget-text-editor:not(.elementor-drop-cap-view-default) .elementor-drop-cap{margin-top:8px}.elementor-widget-text-editor:not(.elementor-drop-cap-view-default) .elementor-drop-cap-letter{width:1em;height:1em}.elementor-widget-text-editor .elementor-drop-cap{float:left;text-align:center;line-height:1;font-size:50px}.elementor-widget-text-editor .elementor-drop-cap-letter{display:inline-block}<\/style>\t\t\t\t<p>Verhaltenstherapie ist eine Therapieform bei der die \u00a0aktuelle Problematik im Vordergrund steht.<\/p><p>Vergangenes \u00a0spielt nur f\u00fcr das Verst\u00e4ndnis der Problematik und ihre \u00a0Entstehung ein Rolle. Es wird angenommen, dass eine \u00a0Problematik, bzw. eine psychische Erkrankung aus vielen \u00a0Verhaltensweisen besteht, die dysfunktional sind (d.h. sie \u00a0f\u00fchren den Betroffenen nicht ans Ziel). Verhaltensweisen \u00a0werden erlernt und k\u00f6nnen ebenso wieder verlernt werden, \u00a0bzw. es k\u00f6nnen neue, hilfreiche (funktionale) \u00a0Verhaltensweisen erlernt werden.<\/p><p>Ziel der Verhaltenstherapie ist es also dysfunktionale \u00a0Verhaltensweisen durch hilfreiche zu ersetzen. Da solche \u00a0Ver\u00e4nderungen einige \u00dcbung ben\u00f6tigen, findet ein \u00a0Gro\u00dfteil der Therapiearbeit zwischen den Treffen mit dem \u00a0Therapeuten statt. W\u00e4hrend der Therapiesitzungen \u00a0werden die Behandlungsschritte erarbeitet, die Durchf\u00fchrung\/\u00dcbung im Alltag findet dann als \u00a0\u201cHausaufgabe\u201d statt. Der Therapeut kann Wege aufzeigen, \u00a0Methoden vermitteln und den Klienten bei der Umsetzung \u00a0unterst\u00fctzen.<\/p><p>Die Umsetzung selbst bleibt aber Aufgabe \u00a0des Klienten (Hilfe zur Selbsthilfe). Auf diese Weise wird gew\u00e4hrleistet, dass der Klient seine \u00a0Probleme selbst l\u00f6st, die Ver\u00e4nderungen selbst herbeif\u00fchrt und somit auch k\u00fcnftig in der Lage sein wird sich selbst zu \u00a0helfen.<\/p>\t\t\t\t\t\t<\/div>\n\t\t\t\t<\/div>\n\t\t\t\t\t<\/div>\n\t\t<\/div>\n\t\t\t\t\t\t\t<\/div>\n\t\t<\/section>\n\t\t\t\t<section class=\"elementor-section elementor-top-section elementor-element elementor-element-51a1d3a elementor-section-boxed elementor-section-height-default elementor-section-height-default\" data-id=\"51a1d3a\" data-element_type=\"section\">\n\t\t\t\t\t\t<div class=\"elementor-container elementor-column-gap-default\">\n\t\t\t\t\t<div class=\"elementor-column elementor-col-100 elementor-top-column elementor-element elementor-element-45446b2\" data-id=\"45446b2\" data-element_type=\"column\">\n\t\t\t<div class=\"elementor-widget-wrap elementor-element-populated\">\n\t\t\t\t\t\t\t\t<div class=\"elementor-element elementor-element-a6c9108 elementor-widget elementor-widget-spacer\" data-id=\"a6c9108\" data-element_type=\"widget\" data-widget_type=\"spacer.default\">\n\t\t\t\t<div class=\"elementor-widget-container\">\n\t\t\t\t\t<div class=\"elementor-spacer\">\n\t\t\t<div class=\"elementor-spacer-inner\"><\/div>\n\t\t<\/div>\n\t\t\t\t<\/div>\n\t\t\t\t<\/div>\n\t\t\t\t\t<\/div>\n\t\t<\/div>\n\t\t\t\t\t\t\t<\/div>\n\t\t<\/section>\n\t\t\t\t\t\t\t<\/div>\n\t\t","protected":false},"excerpt":{"rendered":"<p>Was ist Verhaltenstherapie? Verhaltenstherapie ist eine Therapieform bei der die \u00a0aktuelle Problematik im Vordergrund steht. Vergangenes \u00a0spielt nur f\u00fcr das Verst\u00e4ndnis der Problematik und ihre \u00a0Entstehung ein Rolle. Es wird angenommen, dass eine \u00a0Problematik, bzw. eine psychische Erkrankung aus vielen \u00a0Verhaltensweisen besteht, die dysfunktional sind (d.h. sie \u00a0f\u00fchren den Betroffenen nicht ans Ziel). Verhaltensweisen \u00a0werden [&hellip;]<\/p>\n","protected":false},"author":1,"featured_media":0,"parent":0,"menu_order":0,"comment_status":"closed","ping_status":"closed","template":"","meta":{"footnotes":""},"class_list":["post-15","page","type-page","status-publish","hentry"],"_links":{"self":[{"href":"https:\/\/www.psychotherapie-krueger.de\/index.php?rest_route=\/wp\/v2\/pages\/15","targetHints":{"allow":["GET"]}}],"collection":[{"href":"https:\/\/www.psychotherapie-krueger.de\/index.php?rest_route=\/wp\/v2\/pages"}],"about":[{"href":"https:\/\/www.psychotherapie-krueger.de\/index.php?rest_route=\/wp\/v2\/types\/page"}],"author":[{"embeddable":true,"href":"https:\/\/www.psychotherapie-krueger.de\/index.php?rest_route=\/wp\/v2\/users\/1"}],"replies":[{"embeddable":true,"href":"https:\/\/www.psychotherapie-krueger.de\/index.php?rest_route=%2Fwp%2Fv2%2Fcomments&post=15"}],"version-history":[{"count":6,"href":"https:\/\/www.psychotherapie-krueger.de\/index.php?rest_route=\/wp\/v2\/pages\/15\/revisions"}],"predecessor-version":[{"id":263,"href":"https:\/\/www.psychotherapie-krueger.de\/index.php?rest_route=\/wp\/v2\/pages\/15\/revisions\/263"}],"wp:attachment":[{"href":"https:\/\/www.psychotherapie-krueger.de\/index.php?rest_route=%2Fwp%2Fv2%2Fmedia&parent=15"}],"curies":[{"name":"wp","href":"https:\/\/api.w.org\/{rel}","templated":true}]}}