{"id":18,"date":"2016-02-28T20:06:12","date_gmt":"2016-02-28T19:06:12","guid":{"rendered":"https:\/\/www.psychotherapie-krueger.de\/wordpress\/?page_id=18"},"modified":"2025-07-02T14:34:17","modified_gmt":"2025-07-02T12:34:17","slug":"18-2","status":"publish","type":"page","link":"https:\/\/www.psychotherapie-krueger.de\/","title":{"rendered":"Willkommen in meiner Praxis"},"content":{"rendered":"\t\t<div data-elementor-type=\"wp-page\" data-elementor-id=\"18\" class=\"elementor elementor-18\">\n\t\t\t\t\t\t\t\t\t<section class=\"elementor-section elementor-top-section elementor-element elementor-element-f0e6869 elementor-section-height-min-height elementor-section-boxed elementor-section-height-default elementor-section-items-middle\" data-id=\"f0e6869\" data-element_type=\"section\" data-settings=\"{&quot;background_background&quot;:&quot;classic&quot;}\">\n\t\t\t\t\t\t<div class=\"elementor-container elementor-column-gap-default\">\n\t\t\t\t\t<div class=\"elementor-column elementor-col-100 elementor-top-column elementor-element elementor-element-f3442c7\" data-id=\"f3442c7\" data-element_type=\"column\">\n\t\t\t<div class=\"elementor-widget-wrap\">\n\t\t\t\t\t\t\t\t\t<\/div>\n\t\t<\/div>\n\t\t\t\t\t\t\t<\/div>\n\t\t<\/section>\n\t\t\t\t<section class=\"elementor-section elementor-top-section elementor-element elementor-element-2b2bcf9 elementor-section-boxed elementor-section-height-default elementor-section-height-default\" data-id=\"2b2bcf9\" data-element_type=\"section\">\n\t\t\t\t\t\t<div class=\"elementor-container elementor-column-gap-default\">\n\t\t\t\t\t<div class=\"elementor-column elementor-col-100 elementor-top-column elementor-element elementor-element-76b4133\" data-id=\"76b4133\" data-element_type=\"column\">\n\t\t\t<div class=\"elementor-widget-wrap elementor-element-populated\">\n\t\t\t\t\t\t\t\t<div class=\"elementor-element elementor-element-1d210b0 elementor-widget elementor-widget-spacer\" data-id=\"1d210b0\" data-element_type=\"widget\" data-widget_type=\"spacer.default\">\n\t\t\t\t<div class=\"elementor-widget-container\">\n\t\t\t<style>\/*! elementor - v3.11.5 - 14-03-2023 *\/\n.elementor-column .elementor-spacer-inner{height:var(--spacer-size)}.e-con{--container-widget-width:100%}.e-con-inner>.elementor-widget-spacer,.e-con>.elementor-widget-spacer{width:var(--container-widget-width,var(--spacer-size));--align-self:var(--container-widget-align-self,initial);--flex-shrink:0}.e-con-inner>.elementor-widget-spacer>.elementor-widget-container,.e-con-inner>.elementor-widget-spacer>.elementor-widget-container>.elementor-spacer,.e-con>.elementor-widget-spacer>.elementor-widget-container,.e-con>.elementor-widget-spacer>.elementor-widget-container>.elementor-spacer{height:100%}.e-con-inner>.elementor-widget-spacer>.elementor-widget-container>.elementor-spacer>.elementor-spacer-inner,.e-con>.elementor-widget-spacer>.elementor-widget-container>.elementor-spacer>.elementor-spacer-inner{height:var(--container-widget-height,var(--spacer-size))}<\/style>\t\t<div class=\"elementor-spacer\">\n\t\t\t<div class=\"elementor-spacer-inner\"><\/div>\n\t\t<\/div>\n\t\t\t\t<\/div>\n\t\t\t\t<\/div>\n\t\t\t\t\t<\/div>\n\t\t<\/div>\n\t\t\t\t\t\t\t<\/div>\n\t\t<\/section>\n\t\t\t\t<section class=\"elementor-section elementor-top-section elementor-element elementor-element-6f7b32e elementor-section-boxed elementor-section-height-default elementor-section-height-default\" data-id=\"6f7b32e\" data-element_type=\"section\">\n\t\t\t\t\t\t<div class=\"elementor-container elementor-column-gap-default\">\n\t\t\t\t\t<div class=\"elementor-column elementor-col-100 elementor-top-column elementor-element elementor-element-d8058ac\" data-id=\"d8058ac\" data-element_type=\"column\">\n\t\t\t<div class=\"elementor-widget-wrap elementor-element-populated\">\n\t\t\t\t\t\t\t\t<div class=\"elementor-element elementor-element-32fba10 elementor-widget elementor-widget-shortcode\" data-id=\"32fba10\" data-element_type=\"widget\" data-widget_type=\"shortcode.default\">\n\t\t\t\t<div class=\"elementor-widget-container\">\n\t\t\t\t\t<div class=\"elementor-shortcode\"><div class=\"ditty ditty--pre\" data-id=\"363\" data-uniqid=\"ditty-69ff234e5fd23\"><\/div><\/div>\n\t\t\t\t<\/div>\n\t\t\t\t<\/div>\n\t\t\t\t\t<\/div>\n\t\t<\/div>\n\t\t\t\t\t\t\t<\/div>\n\t\t<\/section>\n\t\t\t\t<section class=\"elementor-section elementor-top-section elementor-element elementor-element-9373acc elementor-section-boxed elementor-section-height-default elementor-section-height-default\" data-id=\"9373acc\" data-element_type=\"section\">\n\t\t\t\t\t\t<div class=\"elementor-container elementor-column-gap-default\">\n\t\t\t\t\t<div class=\"elementor-column elementor-col-100 elementor-top-column elementor-element elementor-element-1c6c6f5\" data-id=\"1c6c6f5\" data-element_type=\"column\">\n\t\t\t<div class=\"elementor-widget-wrap elementor-element-populated\">\n\t\t\t\t\t\t\t\t<div class=\"elementor-element elementor-element-ea1aeb9 elementor-widget elementor-widget-heading\" data-id=\"ea1aeb9\" data-element_type=\"widget\" data-widget_type=\"heading.default\">\n\t\t\t\t<div class=\"elementor-widget-container\">\n\t\t\t<style>\/*! elementor - v3.11.5 - 14-03-2023 *\/\n.elementor-heading-title{padding:0;margin:0;line-height:1}.elementor-widget-heading .elementor-heading-title[class*=elementor-size-]>a{color:inherit;font-size:inherit;line-height:inherit}.elementor-widget-heading .elementor-heading-title.elementor-size-small{font-size:15px}.elementor-widget-heading .elementor-heading-title.elementor-size-medium{font-size:19px}.elementor-widget-heading .elementor-heading-title.elementor-size-large{font-size:29px}.elementor-widget-heading .elementor-heading-title.elementor-size-xl{font-size:39px}.elementor-widget-heading .elementor-heading-title.elementor-size-xxl{font-size:59px}<\/style><h1 class=\"elementor-heading-title elementor-size-default\">Willkommen in meiner Praxis<\/h1>\t\t<\/div>\n\t\t\t\t<\/div>\n\t\t\t\t\t<\/div>\n\t\t<\/div>\n\t\t\t\t\t\t\t<\/div>\n\t\t<\/section>\n\t\t\t\t<section class=\"elementor-section elementor-top-section elementor-element elementor-element-27ac9273 elementor-section-boxed elementor-section-height-default elementor-section-height-default\" data-id=\"27ac9273\" data-element_type=\"section\">\n\t\t\t\t\t\t<div class=\"elementor-container elementor-column-gap-default\">\n\t\t\t\t\t<div class=\"elementor-column elementor-col-100 elementor-top-column elementor-element elementor-element-20ca6377\" data-id=\"20ca6377\" data-element_type=\"column\">\n\t\t\t<div class=\"elementor-widget-wrap elementor-element-populated\">\n\t\t\t\t\t\t\t\t<div class=\"elementor-element elementor-element-3bfbb170 elementor-widget elementor-widget-text-editor\" data-id=\"3bfbb170\" data-element_type=\"widget\" data-widget_type=\"text-editor.default\">\n\t\t\t\t<div class=\"elementor-widget-container\">\n\t\t\t<style>\/*! elementor - v3.11.5 - 14-03-2023 *\/\n.elementor-widget-text-editor.elementor-drop-cap-view-stacked .elementor-drop-cap{background-color:#818a91;color:#fff}.elementor-widget-text-editor.elementor-drop-cap-view-framed .elementor-drop-cap{color:#818a91;border:3px solid;background-color:transparent}.elementor-widget-text-editor:not(.elementor-drop-cap-view-default) .elementor-drop-cap{margin-top:8px}.elementor-widget-text-editor:not(.elementor-drop-cap-view-default) .elementor-drop-cap-letter{width:1em;height:1em}.elementor-widget-text-editor .elementor-drop-cap{float:left;text-align:center;line-height:1;font-size:50px}.elementor-widget-text-editor .elementor-drop-cap-letter{display:inline-block}<\/style>\t\t\t\t<p>In meiner Praxis kann ich Ihnen folgendes anbieten:<\/p>\n<ul>\n<li>Verhaltenstherapie<\/li>\n<li>Hypnose und<\/li>\n<li>Hypnotherapie<\/li>\n<li>Coaching<\/li>\n<li>Entspannungsverfahren<\/li>\n<\/ul>\n<p>F\u00fcr Mitglieder aller Kassen, Privat und Selbstzahler.<\/p>\n<p>Sprechzeiten f\u00fcr die telefonische Terminvergabe:<span style=\"font-family: var( --e-global-typography-text-font-family ), Sans-serif; font-size: 1rem;\">Dienstag 08:00 Uhr \u2013 09:20 Uhr<\/span><\/p>\n<p>Telefonnummer: 05193-8292757<\/p>\n<p><strong>Sprechstunde<\/strong>:<br>Zurzeit biete ich nur sehr begrenzt und ausschlie\u00dflich per Video Sprechstunden an. F\u00fcr die Durchf\u00fchrung einer Videosprechstunde ben\u00f6tigen Sie ein Smartphone, ein Tablet oder einen PC mit Kamera und Mikrofon, auf dem Sie auch Mails empfangen k\u00f6nnen. Vor einem solchen Videotermin m\u00fcssten Sie zu einem vereinbarten Zeitpunkt kurz in die Praxis kommen um die Versichertenkarte einzulesen. F\u00fcr den Sprechstundentermin w\u00fcrde Ihnen danach ein Link zugeschickt, \u00fcber den Sie zum Zeitpunkt des Termins mit mir sprechen k\u00f6nnen. Die Sprechstundentermine sind grunds\u00e4tzlich meist \u00fcber Monate belegt und dienen auch nur dazu einen kurzen Blick auf die Problematik zu werfen und zu besprechen welche Behandlung f\u00fcr den Patienten geeignet erscheint.<\/p>\n<p><strong>Ein Sprechstundentermin ist nicht gleichbedeutend mit dem Beginn einer Therapie, da in der Regel keine Therapiepl\u00e4tze frei sind. Ich f\u00fchre auch keine Warteliste.<\/strong><\/p>\n<p><strong>&nbsp;<\/strong><\/p>\n<p><strong> Ziele meiner therapeutischen Arbeit:<br><\/strong>Ich m\u00f6chte gemeinsam mit Ihnen die St\u00e4rken und F\u00e4higkeiten &nbsp;finden, die Ihnen helfen Ihr Problem zu l\u00f6sen. &nbsp;Gleichzeitig m\u00f6chte ich Ihnen Methoden zeigen die Ihnen heute &nbsp;und in Zukunft helfen k\u00f6nnen Ihre Probleme selbst zu l\u00f6sen.<\/p>\n<p>Dipl.-<wbr>Psych. Melanie Kr\u00fcger<br>Psychologische Psychotherapeutin (VT)<br>Am Brammer 35<br>29640 Schneverdingen<br>Tel.: 05193-<wbr>8292757<br>Email: Praxis(-at-)psychotherapie-<wbr>krueger.de<\/p>\n<p><em>Hinweis: Um Spam-E-Mails zu vermeiden, haben wir das \u201e@\u201c in unserer Mail-Adresse mit \u201e(-at-)\u201c ersetzt. Bitte verwenden Sie stattdessen wieder das \u201e@\u201c, wenn Sie uns kontaktieren m\u00f6chten.<\/em><\/p>\t\t\t\t\t\t<\/div>\n\t\t\t\t<\/div>\n\t\t\t\t\t<\/div>\n\t\t<\/div>\n\t\t\t\t\t\t\t<\/div>\n\t\t<\/section>\n\t\t\t\t\t\t\t<\/div>\n\t\t","protected":false},"excerpt":{"rendered":"<p>Willkommen in meiner Praxis In meiner Praxis kann ich Ihnen folgendes anbieten: Verhaltenstherapie Hypnose und Hypnotherapie Coaching Entspannungsverfahren F\u00fcr Mitglieder aller Kassen, Privat und Selbstzahler. Sprechzeiten f\u00fcr die telefonische Terminvergabe:Dienstag 08:00 Uhr \u2013 09:20 Uhr Telefonnummer: 05193-8292757 Sprechstunde:Zurzeit biete ich nur sehr begrenzt und ausschlie\u00dflich per Video Sprechstunden an. F\u00fcr die Durchf\u00fchrung einer Videosprechstunde ben\u00f6tigen [&hellip;]<\/p>\n","protected":false},"author":1,"featured_media":0,"parent":0,"menu_order":0,"comment_status":"closed","ping_status":"closed","template":"","meta":{"footnotes":""},"class_list":["post-18","page","type-page","status-publish","hentry"],"_links":{"self":[{"href":"https:\/\/www.psychotherapie-krueger.de\/index.php?rest_route=\/wp\/v2\/pages\/18","targetHints":{"allow":["GET"]}}],"collection":[{"href":"https:\/\/www.psychotherapie-krueger.de\/index.php?rest_route=\/wp\/v2\/pages"}],"about":[{"href":"https:\/\/www.psychotherapie-krueger.de\/index.php?rest_route=\/wp\/v2\/types\/page"}],"author":[{"embeddable":true,"href":"https:\/\/www.psychotherapie-krueger.de\/index.php?rest_route=\/wp\/v2\/users\/1"}],"replies":[{"embeddable":true,"href":"https:\/\/www.psychotherapie-krueger.de\/index.php?rest_route=%2Fwp%2Fv2%2Fcomments&post=18"}],"version-history":[{"count":57,"href":"https:\/\/www.psychotherapie-krueger.de\/index.php?rest_route=\/wp\/v2\/pages\/18\/revisions"}],"predecessor-version":[{"id":395,"href":"https:\/\/www.psychotherapie-krueger.de\/index.php?rest_route=\/wp\/v2\/pages\/18\/revisions\/395"}],"wp:attachment":[{"href":"https:\/\/www.psychotherapie-krueger.de\/index.php?rest_route=%2Fwp%2Fv2%2Fmedia&parent=18"}],"curies":[{"name":"wp","href":"https:\/\/api.w.org\/{rel}","templated":true}]}}