{"id":68,"date":"2016-02-28T21:12:13","date_gmt":"2016-02-28T20:12:13","guid":{"rendered":"https:\/\/www.psychotherapie-krueger.de\/wordpress\/?page_id=68"},"modified":"2022-08-22T08:39:48","modified_gmt":"2022-08-22T06:39:48","slug":"therapieablauf","status":"publish","type":"page","link":"https:\/\/www.psychotherapie-krueger.de\/?page_id=68","title":{"rendered":"Therapieablauf"},"content":{"rendered":"\t\t<div data-elementor-type=\"wp-page\" data-elementor-id=\"68\" class=\"elementor elementor-68\">\n\t\t\t\t\t\t\t\t\t<section class=\"elementor-section elementor-top-section elementor-element elementor-element-61ac89e7 elementor-section-height-min-height elementor-section-boxed elementor-section-height-default elementor-section-items-middle\" data-id=\"61ac89e7\" data-element_type=\"section\" data-settings=\"{&quot;background_background&quot;:&quot;classic&quot;}\">\n\t\t\t\t\t\t<div class=\"elementor-container elementor-column-gap-default\">\n\t\t\t\t\t<div class=\"elementor-column elementor-col-100 elementor-top-column elementor-element elementor-element-497960a7\" data-id=\"497960a7\" data-element_type=\"column\">\n\t\t\t<div class=\"elementor-widget-wrap\">\n\t\t\t\t\t\t\t\t\t<\/div>\n\t\t<\/div>\n\t\t\t\t\t\t\t<\/div>\n\t\t<\/section>\n\t\t\t\t<section class=\"elementor-section elementor-top-section elementor-element elementor-element-a9c3d7c elementor-section-boxed elementor-section-height-default elementor-section-height-default\" data-id=\"a9c3d7c\" data-element_type=\"section\">\n\t\t\t\t\t\t<div class=\"elementor-container elementor-column-gap-default\">\n\t\t\t\t\t<div class=\"elementor-column elementor-col-100 elementor-top-column elementor-element elementor-element-8e82eef\" data-id=\"8e82eef\" data-element_type=\"column\">\n\t\t\t<div class=\"elementor-widget-wrap elementor-element-populated\">\n\t\t\t\t\t\t\t\t<div class=\"elementor-element elementor-element-cb4d780 elementor-widget elementor-widget-spacer\" data-id=\"cb4d780\" data-element_type=\"widget\" data-widget_type=\"spacer.default\">\n\t\t\t\t<div class=\"elementor-widget-container\">\n\t\t\t<style>\/*! elementor - v3.11.5 - 14-03-2023 *\/\n.elementor-column .elementor-spacer-inner{height:var(--spacer-size)}.e-con{--container-widget-width:100%}.e-con-inner>.elementor-widget-spacer,.e-con>.elementor-widget-spacer{width:var(--container-widget-width,var(--spacer-size));--align-self:var(--container-widget-align-self,initial);--flex-shrink:0}.e-con-inner>.elementor-widget-spacer>.elementor-widget-container,.e-con-inner>.elementor-widget-spacer>.elementor-widget-container>.elementor-spacer,.e-con>.elementor-widget-spacer>.elementor-widget-container,.e-con>.elementor-widget-spacer>.elementor-widget-container>.elementor-spacer{height:100%}.e-con-inner>.elementor-widget-spacer>.elementor-widget-container>.elementor-spacer>.elementor-spacer-inner,.e-con>.elementor-widget-spacer>.elementor-widget-container>.elementor-spacer>.elementor-spacer-inner{height:var(--container-widget-height,var(--spacer-size))}<\/style>\t\t<div class=\"elementor-spacer\">\n\t\t\t<div class=\"elementor-spacer-inner\"><\/div>\n\t\t<\/div>\n\t\t\t\t<\/div>\n\t\t\t\t<\/div>\n\t\t\t\t\t<\/div>\n\t\t<\/div>\n\t\t\t\t\t\t\t<\/div>\n\t\t<\/section>\n\t\t\t\t<section class=\"elementor-section elementor-top-section elementor-element elementor-element-f39cc58 elementor-section-boxed elementor-section-height-default elementor-section-height-default\" data-id=\"f39cc58\" data-element_type=\"section\">\n\t\t\t\t\t\t<div class=\"elementor-container elementor-column-gap-default\">\n\t\t\t\t\t<div class=\"elementor-column elementor-col-100 elementor-top-column elementor-element elementor-element-29189c1\" data-id=\"29189c1\" data-element_type=\"column\">\n\t\t\t<div class=\"elementor-widget-wrap elementor-element-populated\">\n\t\t\t\t\t\t\t\t<div class=\"elementor-element elementor-element-9f11b4a elementor-widget elementor-widget-heading\" data-id=\"9f11b4a\" data-element_type=\"widget\" data-widget_type=\"heading.default\">\n\t\t\t\t<div class=\"elementor-widget-container\">\n\t\t\t<style>\/*! elementor - v3.11.5 - 14-03-2023 *\/\n.elementor-heading-title{padding:0;margin:0;line-height:1}.elementor-widget-heading .elementor-heading-title[class*=elementor-size-]>a{color:inherit;font-size:inherit;line-height:inherit}.elementor-widget-heading .elementor-heading-title.elementor-size-small{font-size:15px}.elementor-widget-heading .elementor-heading-title.elementor-size-medium{font-size:19px}.elementor-widget-heading .elementor-heading-title.elementor-size-large{font-size:29px}.elementor-widget-heading .elementor-heading-title.elementor-size-xl{font-size:39px}.elementor-widget-heading .elementor-heading-title.elementor-size-xxl{font-size:59px}<\/style><h1 class=\"elementor-heading-title elementor-size-default\">Therapieablauf<\/h1>\t\t<\/div>\n\t\t\t\t<\/div>\n\t\t\t\t\t<\/div>\n\t\t<\/div>\n\t\t\t\t\t\t\t<\/div>\n\t\t<\/section>\n\t\t\t\t<section class=\"elementor-section elementor-top-section elementor-element elementor-element-475eb9a7 elementor-section-boxed elementor-section-height-default elementor-section-height-default\" data-id=\"475eb9a7\" data-element_type=\"section\">\n\t\t\t\t\t\t<div class=\"elementor-container elementor-column-gap-default\">\n\t\t\t\t\t<div class=\"elementor-column elementor-col-100 elementor-top-column elementor-element elementor-element-99fe97d\" data-id=\"99fe97d\" data-element_type=\"column\">\n\t\t\t<div class=\"elementor-widget-wrap elementor-element-populated\">\n\t\t\t\t\t\t\t\t<div class=\"elementor-element elementor-element-1eb8ed8d elementor-widget elementor-widget-text-editor\" data-id=\"1eb8ed8d\" data-element_type=\"widget\" data-widget_type=\"text-editor.default\">\n\t\t\t\t<div class=\"elementor-widget-container\">\n\t\t\t<style>\/*! elementor - v3.11.5 - 14-03-2023 *\/\n.elementor-widget-text-editor.elementor-drop-cap-view-stacked .elementor-drop-cap{background-color:#818a91;color:#fff}.elementor-widget-text-editor.elementor-drop-cap-view-framed .elementor-drop-cap{color:#818a91;border:3px solid;background-color:transparent}.elementor-widget-text-editor:not(.elementor-drop-cap-view-default) .elementor-drop-cap{margin-top:8px}.elementor-widget-text-editor:not(.elementor-drop-cap-view-default) .elementor-drop-cap-letter{width:1em;height:1em}.elementor-widget-text-editor .elementor-drop-cap{float:left;text-align:center;line-height:1;font-size:50px}.elementor-widget-text-editor .elementor-drop-cap-letter{display:inline-block}<\/style>\t\t\t\t<ol><li><span class=\"ff1 cf0 fs18\"><strong>Anmeldung<br \/><\/strong><\/span><span class=\"ff1 cf0 fs18\"><span class=\"ff1 cf0 fs18\">Zurzeit biete ich ausschlie\u00dflich vormittags Termine an. Sollte es Ihnen nicht m\u00f6glich sein regelm\u00e4\u00dfig vormittags zur Therapie zu kommen, wenden Sie sich bitte an \u00a0einen anderen Psychotherapeuten\/eine andere Psychotherapeutin.Wenn Sie Interesse an einem Therapieplatz bei mir haben, rufen Sie bitte in meiner telefonischen Sprechzeit an (Sprechstundenzeiten erfahren \u00a0Sie unter 05193-<wbr \/>9704986).In der Regel sind alle Therapiepl\u00e4tze belegt. Die Warteliste ist auf wenige Patienten begrenzt, so dass f\u00fcr diese Patienten ein baldiger Therapiebeginn gew\u00e4hrleistet ist. Sie k\u00f6nnen sich regelm\u00e4\u00dfig in meiner telefonischen Sprechzeit melden und erfragen, ob aktuell ein Therapieplatz frei ist.<\/span><\/span><p>\u00a0<\/p><\/li><li><span class=\"ff1 cf0 fs18\"><strong>Erstgespr\u00e4ch<br \/><\/strong><\/span><span class=\"ff1 cf0 fs18\"><span class=\"ff1 cf0 fs18\">Dann ist es ggf. m\u00f6glich einen Termin f\u00fcr ein Erstgespr\u00e4ch zu vereinbaren\u00a0 um uns pers\u00f6nlich kennenzulernen. Ich kann mir einen ersten Eindruck \u00fcber Ihre Problematik verschaffen, alle organisatorischen Fragen werden gekl\u00e4rt und das weitere Vorgehen besprochen. \u00a0Eine Therapiesitzung dauert 50 Minuten und bei gesetzlich und privat Krankenversicherten wird das Erstgespr\u00e4ch von der Krankenkasse\/Versicherung bezahlt. Selbstzahler m\u00fcssen auch das Erstgespr\u00e4ch selbst bezahlen.<\/span><\/span><p>\u00a0<\/p><\/li><li><strong><span class=\"ff1 cf0 fs18\">Probatorik<br \/><\/span><\/strong><span class=\"ff1 cf0 fs18\">F\u00fcr gesetzlich und privat Krankenversicherte gilt:<br \/><\/span><span class=\"ff1 cf0 fs18\">Wenn Sie nach dem Erstgespr\u00e4ch Interesse an der Durchf\u00fchrung einer Therapie haben, stehen uns von Seiten Ihrer Krankenversicherung weitere 4 probatorische Sitzungen zur Verf\u00fcgung. Diese Stunden nutzen wir f\u00fcr eine ausf\u00fchrliche Diagnostik und die Zusammenfassung Ihrer Krankengeschichte. Wenn ich eine psychische Erkrankung diagnostizieren kann ist in der Regel auch die Kosten\u00fcbernahme der weiteren Therapie durch die Krankenkasse gew\u00e4hrleistet.<br \/><\/span><span class=\"ff1 cf0 fs18\"><span class=\"ff1 cf0 fs18\">Selbstzahler m\u00fcssen die Kosten von der ersten Therapiestunde an selbst \u00fcbernehmen. Diese Form der Kosten\u00fcbernahme erfordert den Abschluss eines Therapievertrags mit mir.<\/span><\/span><p>\u00a0<\/p><\/li><li><strong>Therapiebeginn<br \/><\/strong>Nach der Probatorik (Erstgespr\u00e4ch + 4 weitere Sitzungen) entscheiden wir gemeinsam, ob die Durchf\u00fchrung einer Psychotherapie sinnvoll ist. Wenn ja, beantragen wir die Kosten\u00fcbernahme \u00a0durch die Krankenkasse (dies ist in der Regel eine Formalit\u00e4t). Dann kann die eigentliche Therapie beginnen.<\/li><\/ol>\t\t\t\t\t\t<\/div>\n\t\t\t\t<\/div>\n\t\t\t\t\t<\/div>\n\t\t<\/div>\n\t\t\t\t\t\t\t<\/div>\n\t\t<\/section>\n\t\t\t\t<section class=\"elementor-section elementor-top-section elementor-element elementor-element-207e3d6 elementor-section-boxed elementor-section-height-default elementor-section-height-default\" data-id=\"207e3d6\" data-element_type=\"section\">\n\t\t\t\t\t\t<div class=\"elementor-container elementor-column-gap-default\">\n\t\t\t\t\t<div class=\"elementor-column elementor-col-100 elementor-top-column elementor-element elementor-element-e67ad8f\" data-id=\"e67ad8f\" data-element_type=\"column\">\n\t\t\t<div class=\"elementor-widget-wrap elementor-element-populated\">\n\t\t\t\t\t\t\t\t<div class=\"elementor-element elementor-element-50ebb84 elementor-widget elementor-widget-spacer\" data-id=\"50ebb84\" data-element_type=\"widget\" data-widget_type=\"spacer.default\">\n\t\t\t\t<div class=\"elementor-widget-container\">\n\t\t\t\t\t<div class=\"elementor-spacer\">\n\t\t\t<div class=\"elementor-spacer-inner\"><\/div>\n\t\t<\/div>\n\t\t\t\t<\/div>\n\t\t\t\t<\/div>\n\t\t\t\t\t<\/div>\n\t\t<\/div>\n\t\t\t\t\t\t\t<\/div>\n\t\t<\/section>\n\t\t\t\t\t\t\t<\/div>\n\t\t","protected":false},"excerpt":{"rendered":"<p>Therapieablauf AnmeldungZurzeit biete ich ausschlie\u00dflich vormittags Termine an. Sollte es Ihnen nicht m\u00f6glich sein regelm\u00e4\u00dfig vormittags zur Therapie zu kommen, wenden Sie sich bitte an \u00a0einen anderen Psychotherapeuten\/eine andere Psychotherapeutin.Wenn Sie Interesse an einem Therapieplatz bei mir haben, rufen Sie bitte in meiner telefonischen Sprechzeit an (Sprechstundenzeiten erfahren \u00a0Sie unter 05193-9704986).In der Regel sind alle [&hellip;]<\/p>\n","protected":false},"author":1,"featured_media":0,"parent":0,"menu_order":0,"comment_status":"closed","ping_status":"closed","template":"","meta":{"footnotes":""},"class_list":["post-68","page","type-page","status-publish","hentry"],"_links":{"self":[{"href":"https:\/\/www.psychotherapie-krueger.de\/index.php?rest_route=\/wp\/v2\/pages\/68","targetHints":{"allow":["GET"]}}],"collection":[{"href":"https:\/\/www.psychotherapie-krueger.de\/index.php?rest_route=\/wp\/v2\/pages"}],"about":[{"href":"https:\/\/www.psychotherapie-krueger.de\/index.php?rest_route=\/wp\/v2\/types\/page"}],"author":[{"embeddable":true,"href":"https:\/\/www.psychotherapie-krueger.de\/index.php?rest_route=\/wp\/v2\/users\/1"}],"replies":[{"embeddable":true,"href":"https:\/\/www.psychotherapie-krueger.de\/index.php?rest_route=%2Fwp%2Fv2%2Fcomments&post=68"}],"version-history":[{"count":13,"href":"https:\/\/www.psychotherapie-krueger.de\/index.php?rest_route=\/wp\/v2\/pages\/68\/revisions"}],"predecessor-version":[{"id":331,"href":"https:\/\/www.psychotherapie-krueger.de\/index.php?rest_route=\/wp\/v2\/pages\/68\/revisions\/331"}],"wp:attachment":[{"href":"https:\/\/www.psychotherapie-krueger.de\/index.php?rest_route=%2Fwp%2Fv2%2Fmedia&parent=68"}],"curies":[{"name":"wp","href":"https:\/\/api.w.org\/{rel}","templated":true}]}}